{"id":1710,"date":"2020-03-21T16:05:14","date_gmt":"2020-03-21T15:05:14","guid":{"rendered":"http:\/\/elitegirl.ch\/inscription\/"},"modified":"2020-12-17T13:28:53","modified_gmt":"2020-12-17T12:28:53","slug":"registro","status":"publish","type":"page","link":"https:\/\/elitegirl.ch\/es\/registro\/","title":{"rendered":"Registro"},"content":{"rendered":"<div id=\"quform-1daecc\" class=\"quform quform-1 quform-support-page-caching\"><form id=\"quform-form-1daecc\" class=\"quform-form quform-form-1\" action=\"\/es\/wp-json\/wp\/v2\/pages\/1710#quform-1daecc\" method=\"post\" enctype=\"multipart\/form-data\" novalidate=\"novalidate\" data-options=\"{&quot;id&quot;:1,&quot;uniqueId&quot;:&quot;1daecc&quot;,&quot;theme&quot;:&quot;&quot;,&quot;ajax&quot;:true,&quot;logic&quot;:{&quot;logic&quot;:{&quot;12&quot;:{&quot;action&quot;:true,&quot;match&quot;:&quot;all&quot;,&quot;rules&quot;:[{&quot;elementId&quot;:&quot;11&quot;,&quot;operator&quot;:&quot;eq&quot;,&quot;optionId&quot;:&quot;2&quot;,&quot;value&quot;:&quot;escort&quot;}]},&quot;19&quot;:{&quot;action&quot;:true,&quot;match&quot;:&quot;all&quot;,&quot;rules&quot;:[{&quot;elementId&quot;:&quot;11&quot;,&quot;operator&quot;:&quot;eq&quot;,&quot;optionId&quot;:&quot;2&quot;,&quot;value&quot;:&quot;escort&quot;}]},&quot;31&quot;:{&quot;action&quot;:true,&quot;match&quot;:&quot;all&quot;,&quot;rules&quot;:[{&quot;elementId&quot;:&quot;11&quot;,&quot;operator&quot;:&quot;eq&quot;,&quot;optionId&quot;:&quot;2&quot;,&quot;value&quot;:&quot;escort&quot;}]},&quot;27&quot;:{&quot;action&quot;:true,&quot;match&quot;:&quot;all&quot;,&quot;rules&quot;:[{&quot;elementId&quot;:&quot;11&quot;,&quot;operator&quot;:&quot;eq&quot;,&quot;optionId&quot;:&quot;3&quot;,&quot;value&quot;:&quot;brothel&quot;}]},&quot;18&quot;:{&quot;action&quot;:true,&quot;match&quot;:&quot;all&quot;,&quot;rules&quot;:[{&quot;elementId&quot;:&quot;11&quot;,&quot;operator&quot;:&quot;eq&quot;,&quot;optionId&quot;:&quot;3&quot;,&quot;value&quot;:&quot;brothel&quot;}]},&quot;29&quot;:{&quot;action&quot;:true,&quot;match&quot;:&quot;all&quot;,&quot;rules&quot;:[{&quot;elementId&quot;:&quot;11&quot;,&quot;operator&quot;:&quot;eq&quot;,&quot;optionId&quot;:&quot;3&quot;,&quot;value&quot;:&quot;brothel&quot;}]},&quot;8&quot;:{&quot;action&quot;:true,&quot;match&quot;:&quot;all&quot;,&quot;rules&quot;:[{&quot;elementId&quot;:&quot;11&quot;,&quot;operator&quot;:&quot;not_empty&quot;,&quot;optionId&quot;:null,&quot;value&quot;:&quot;&quot;}]},&quot;9&quot;:{&quot;action&quot;:true,&quot;match&quot;:&quot;all&quot;,&quot;rules&quot;:[{&quot;elementId&quot;:&quot;11&quot;,&quot;operator&quot;:&quot;not_empty&quot;,&quot;optionId&quot;:null,&quot;value&quot;:&quot;&quot;}]},&quot;10&quot;:{&quot;action&quot;:true,&quot;match&quot;:&quot;all&quot;,&quot;rules&quot;:[{&quot;elementId&quot;:&quot;11&quot;,&quot;operator&quot;:&quot;not_empty&quot;,&quot;optionId&quot;:null,&quot;value&quot;:&quot;&quot;}]},&quot;2&quot;:{&quot;action&quot;:true,&quot;match&quot;:&quot;all&quot;,&quot;rules&quot;:[{&quot;elementId&quot;:&quot;11&quot;,&quot;operator&quot;:&quot;not_empty&quot;,&quot;optionId&quot;:null,&quot;value&quot;:&quot;&quot;}]}},&quot;dependents&quot;:{&quot;11&quot;:[12,19,31,27,18,29,8,9,10,2]},&quot;elementIds&quot;:[12,19,31,27,18,29,8,9,10,2],&quot;dependentElementIds&quot;:[&quot;11&quot;],&quot;animate&quot;:true},&quot;currentPageId&quot;:1,&quot;errorsIcon&quot;:&quot;&quot;,&quot;updateFancybox&quot;:true,&quot;hasPages&quot;:false,&quot;pages&quot;:[1],&quot;pageProgressType&quot;:&quot;numbers&quot;,&quot;tooltipsEnabled&quot;:true,&quot;tooltipClasses&quot;:&quot;qtip-quform-dark qtip-shadow&quot;,&quot;tooltipMy&quot;:&quot;left center&quot;,&quot;tooltipAt&quot;:&quot;right center&quot;,&quot;isRtl&quot;:false,&quot;scrollOffset&quot;:-50,&quot;scrollSpeed&quot;:800}\"><button class=\"quform-default-submit\" name=\"quform_submit\" type=\"submit\" value=\"submit\" aria-hidden=\"true\" tabindex=\"-1\"><\/button><div class=\"quform-form-inner quform-form-inner-1\"><input type=\"hidden\" name=\"quform_form_id\" value=\"1\" \/><input type=\"hidden\" name=\"quform_form_uid\" value=\"1daecc\" \/><input type=\"hidden\" name=\"quform_count\" value=\"1\" \/><input type=\"hidden\" name=\"form_url\" value=\"https:\/\/elitegirl.ch\/es\/wp-json\/wp\/v2\/pages\/1710\" \/><input type=\"hidden\" name=\"referring_url\" value=\"\" \/><input type=\"hidden\" name=\"post_id\" value=\"\" \/><input type=\"hidden\" name=\"post_title\" value=\"\" \/><input type=\"hidden\" name=\"quform_current_page_id\" value=\"1\" \/><input type=\"hidden\" name=\"quform_csrf_token\" value=\"fk6jgJD72U6gbYqMwRzxp0eJ0tDEiU6ouzliN7SI\" \/><div class=\"quform-elements quform-elements-1 quform-cf quform-responsive-elements-phone-landscape\"><div class=\"quform-element quform-element-page quform-page-1 quform-page-1_1 quform-cf quform-group-style-plain quform-first-page quform-last-page quform-current-page\"><div class=\"quform-child-elements\"><div class=\"quform-element quform-element-radio quform-element-1_11 quform-cf quform-element-required\"><div class=\"quform-spacer\"><div class=\"quform-label quform-label-1_11\"><label class=\"quform-label-text\" id=\"quform_1_11_1daecc_label\">Je suis<span class=\"quform-required\">*<\/span><\/label><\/div><div class=\"quform-inner quform-inner-radio quform-inner-1_11\"><div class=\"quform-input quform-input-radio quform-input-1_11 quform-cf\"><div class=\"quform-options quform-cf quform-options-columns quform-2-columns\" role=\"radiogroup\" aria-labelledby=\"quform_1_11_1daecc_label\"><div class=\"quform-option\"><input type=\"radio\" name=\"quform_1_11\" id=\"quform_1_11_1daecc_2\" class=\"quform-field quform-field-radio quform-field-1_11 quform-field-1_11_2\" value=\"escort\" \/><label for=\"quform_1_11_1daecc_2\" class=\"quform-option-label quform-option-label-1_11_2\"><span class=\"quform-option-text\">Une fille<\/span><\/label><\/div><div class=\"quform-option\"><input type=\"radio\" name=\"quform_1_11\" id=\"quform_1_11_1daecc_3\" class=\"quform-field quform-field-radio quform-field-1_11 quform-field-1_11_3\" value=\"brothel\" \/><label for=\"quform_1_11_1daecc_3\" class=\"quform-option-label quform-option-label-1_11_3\"><span class=\"quform-option-text\">Un salon<\/span><\/label><\/div><\/div><\/div><\/div><\/div><\/div><div class=\"quform-element quform-element-row quform-element-row-1_13 quform-3-columns quform-element-row-size-fixed quform-responsive-columns-phone-landscape\"><div class=\"quform-element quform-element-column quform-element-1_14\"><div class=\"quform-element quform-element-text quform-element-1_12 quform-cf quform-element-required\"><div class=\"quform-spacer\"><div class=\"quform-label quform-label-1_12\"><label class=\"quform-label-text\" for=\"quform_1_12_1daecc\">Pr\u00e9nom<span class=\"quform-required\">*<\/span><\/label><\/div><div class=\"quform-inner quform-inner-text quform-inner-1_12\"><div class=\"quform-input quform-input-text quform-input-1_12 quform-cf\"><input type=\"text\" id=\"quform_1_12_1daecc\" name=\"quform_1_12\" class=\"quform-field quform-field-text quform-field-1_12\" \/><\/div><\/div><\/div><\/div><\/div><div class=\"quform-element quform-element-column quform-element-1_15\"><div class=\"quform-element quform-element-text quform-element-1_19 quform-cf quform-element-required\"><div class=\"quform-spacer\"><div class=\"quform-label quform-label-1_19\"><label class=\"quform-label-text\" for=\"quform_1_19_1daecc\">Num\u00e9ro de t\u00e9l\u00e9phone<span class=\"quform-required\">*<\/span><\/label><\/div><div class=\"quform-inner quform-inner-text quform-inner-1_19\"><div class=\"quform-input quform-input-text quform-input-1_19 quform-cf\"><input type=\"text\" id=\"quform_1_19_1daecc\" name=\"quform_1_19\" class=\"quform-field quform-field-text quform-field-1_19\" \/><\/div><\/div><\/div><\/div><\/div><div class=\"quform-element quform-element-column quform-element-1_30\"><div class=\"quform-element quform-element-date quform-element-1_31 quform-cf quform-element-required\"><div class=\"quform-spacer\"><div class=\"quform-label quform-label-1_31\"><label class=\"quform-label-text\" for=\"quform_1_31_1daecc\">Date de naissance<span class=\"quform-required\">*<\/span><\/label><\/div><div class=\"quform-inner quform-inner-date quform-inner-1_31\"><div class=\"quform-input quform-input-date quform-input-1_31 quform-cf quform-has-field-icon-right\"><input type=\"text\" id=\"quform_1_31_1daecc\" name=\"quform_1_31\" class=\"quform-field quform-field-date quform-field-1_31\" placeholder=\"YYYY-MM-DD\" data-options=\"{&quot;format&quot;:&quot;dd\\\/MM\\\/yyyy&quot;,&quot;min&quot;:&quot;1926-05-12&quot;,&quot;max&quot;:&quot;2008-05-12&quot;,&quot;start&quot;:&quot;decade&quot;,&quot;depth&quot;:&quot;month&quot;,&quot;showFooter&quot;:false,&quot;locale&quot;:&quot;fr-CH&quot;,&quot;placeholder&quot;:&quot;&quot;,&quot;autoOpen&quot;:true,&quot;identifier&quot;:&quot;1_31&quot;}\" \/><span class=\"quform-field-icon quform-field-icon-right\"><i class=\"qicon-calendar\"><\/i><\/span><\/div><\/div><\/div><\/div><\/div><\/div><div class=\"quform-element quform-element-row quform-element-row-1_22 quform-3-columns quform-element-row-size-fixed quform-responsive-columns-phone-landscape\"><div class=\"quform-element quform-element-column quform-element-1_23\"><div class=\"quform-element quform-element-text quform-element-1_27 quform-cf quform-element-required\"><div class=\"quform-spacer\"><div class=\"quform-label quform-label-1_27\"><label class=\"quform-label-text\" for=\"quform_1_27_1daecc\">Pr\u00e9nom<span class=\"quform-required\">*<\/span><\/label><\/div><div class=\"quform-inner quform-inner-text quform-inner-1_27\"><div class=\"quform-input quform-input-text quform-input-1_27 quform-cf\"><input type=\"text\" id=\"quform_1_27_1daecc\" name=\"quform_1_27\" class=\"quform-field quform-field-text quform-field-1_27\" \/><\/div><\/div><\/div><\/div><\/div><div class=\"quform-element quform-element-column quform-element-1_24\"><div class=\"quform-element quform-element-text quform-element-1_18 quform-cf quform-element-required\"><div class=\"quform-spacer\"><div class=\"quform-label quform-label-1_18\"><label class=\"quform-label-text\" for=\"quform_1_18_1daecc\">Nom du salon<span class=\"quform-required\">*<\/span><\/label><\/div><div class=\"quform-inner quform-inner-text quform-inner-1_18\"><div class=\"quform-input quform-input-text quform-input-1_18 quform-cf\"><input type=\"text\" id=\"quform_1_18_1daecc\" name=\"quform_1_18\" class=\"quform-field quform-field-text quform-field-1_18\" \/><\/div><\/div><\/div><\/div><\/div><div class=\"quform-element quform-element-column quform-element-1_33\"><div class=\"quform-element quform-element-text quform-element-1_29 quform-cf quform-element-required\"><div class=\"quform-spacer\"><div class=\"quform-label quform-label-1_29\"><label class=\"quform-label-text\" for=\"quform_1_29_1daecc\">Num\u00e9ro de t\u00e9l\u00e9phone<span class=\"quform-required\">*<\/span><\/label><\/div><div class=\"quform-inner quform-inner-text quform-inner-1_29\"><div class=\"quform-input quform-input-text quform-input-1_29 quform-cf\"><input type=\"text\" id=\"quform_1_29_1daecc\" name=\"quform_1_29\" class=\"quform-field quform-field-text quform-field-1_29\" \/><\/div><\/div><\/div><\/div><\/div><\/div><div class=\"quform-element quform-element-email quform-element-1_8 quform-cf quform-element-required\"><div class=\"quform-spacer\"><div class=\"quform-label quform-label-1_8\"><label class=\"quform-label-text\" for=\"quform_1_8_1daecc\">Email<span class=\"quform-required\">*<\/span><\/label><\/div><div class=\"quform-inner quform-inner-email quform-inner-1_8\"><div class=\"quform-input quform-input-email quform-input-1_8 quform-cf\"><input type=\"email\" id=\"quform_1_8_1daecc\" name=\"quform_1_8\" class=\"quform-field quform-field-email quform-field-1_8\" \/><\/div><\/div><\/div><\/div><div class=\"quform-element quform-element-row quform-element-row-1_4 quform-2-columns quform-element-row-size-fixed quform-responsive-columns-phone-landscape\"><div class=\"quform-element quform-element-column quform-element-1_5\"><div class=\"quform-element quform-element-password quform-element-1_9 quform-cf quform-element-required\"><div class=\"quform-spacer\"><div class=\"quform-label quform-label-1_9\"><label class=\"quform-label-text\" for=\"quform_1_9_1daecc\">Mot de passe<span class=\"quform-required\">*<\/span><\/label><\/div><div class=\"quform-inner quform-inner-password quform-inner-1_9\"><div class=\"quform-input quform-input-password quform-input-1_9 quform-cf\"><input type=\"password\" id=\"quform_1_9_1daecc\" name=\"quform_1_9\" class=\"quform-field quform-field-password quform-field-1_9\" \/><\/div><\/div><\/div><\/div><\/div><div class=\"quform-element quform-element-column quform-element-1_6\"><div class=\"quform-element quform-element-password quform-element-1_10 quform-cf quform-element-required\"><div class=\"quform-spacer\"><div class=\"quform-label quform-label-1_10\"><label class=\"quform-label-text\" for=\"quform_1_10_1daecc\">Confirmez votre mot de passe<span class=\"quform-required\">*<\/span><\/label><\/div><div class=\"quform-inner quform-inner-password quform-inner-1_10\"><div class=\"quform-input quform-input-password quform-input-1_10 quform-cf\"><input type=\"password\" id=\"quform_1_10_1daecc\" name=\"quform_1_10\" class=\"quform-field quform-field-password quform-field-1_10\" \/><\/div><\/div><\/div><\/div><\/div><\/div><div class=\"quform-element quform-element-recaptcha quform-element-1_32 quform-cf quform-element-required\"><div class=\"quform-spacer\"><div class=\"quform-inner quform-inner-recaptcha quform-inner-1_32\"><div class=\"quform-input quform-input-recaptcha quform-input-1_32 quform-cf\"><div class=\"quform-recaptcha\" data-config=\"{&quot;sitekey&quot;:&quot;6Ld0MKMaAAAAAPOjmYgP4V6yvXsfyDOOQHqjNlV7&quot;,&quot;_version&quot;:&quot;v2&quot;,&quot;size&quot;:&quot;normal&quot;,&quot;type&quot;:&quot;image&quot;,&quot;theme&quot;:&quot;light&quot;,&quot;badge&quot;:&quot;inline&quot;}\"><\/div><noscript><div><div style=\"width: 302px; height: 422px; position: relative;\"><div style=\"width: 302px; height: 422px; position: absolute;\"><iframe src=\"https:\/\/www.google.com\/recaptcha\/api\/fallback?k=6Ld0MKMaAAAAAPOjmYgP4V6yvXsfyDOOQHqjNlV7\" frameborder=\"0\" scrolling=\"no\" style=\"width: 302px; height:422px; border-style: none;\"><\/iframe><\/div><\/div><div style=\"width: 300px; height: 60px; border-style: none; bottom: 12px; left: 25px; margin: 0px; padding: 0px; right: 25px; background: #f9f9f9; border: 1px solid #c1c1c1; border-radius: 3px;\"><textarea name=\"g-recaptcha-response\" class=\"g-recaptcha-response\" style=\"width: 250px; height: 40px; border: 1px solid #c1c1c1; margin: 10px 25px; padding: 0px; resize: none;\"><\/textarea><\/div><\/div><\/noscript><\/div><\/div><\/div><\/div><div class=\"quform-element quform-element-submit quform-element-1_2 quform-cf quform-button-style-theme\"><div class=\"quform-button-submit quform-button-submit-default quform-button-submit-1_2\"><button name=\"quform_submit\" type=\"submit\" class=\"quform-submit\" value=\"submit\"><span class=\"quform-button-text quform-button-submit-text\">Cr\u00e9er votre compte<\/span><\/button><\/div><div class=\"quform-loading quform-loading-position-left quform-loading-type-spinner-1\"><div class=\"quform-loading-inner\"><div class=\"quform-loading-spinner\"><div class=\"quform-loading-spinner-inner\"><\/div><\/div><\/div><\/div><\/div><div class=\"quform-element-tree\"><label for=\"quform_1_0_1daecc\">This field should be left blank<\/label><input type=\"text\" id=\"quform_1_0_1daecc\" name=\"quform_1_0\" class=\"quform-field quform-field-tree quform-field-1_0\" tabindex=\"-1\" autocomplete=\"off\" \/><\/div><\/div><\/div><\/div><\/div><\/form><\/div>\n","protected":false},"excerpt":{"rendered":"","protected":false},"author":1,"featured_media":0,"parent":0,"menu_order":0,"comment_status":"closed","ping_status":"closed","template":"","meta":[],"yoast_head":"<!-- This site is optimized with the Yoast SEO plugin v16.5 - https:\/\/yoast.com\/wordpress\/plugins\/seo\/ -->\n<title>Registro - elitegirl.ch<\/title>\n<meta name=\"robots\" content=\"index, follow, max-snippet:-1, max-image-preview:large, max-video-preview:-1\" \/>\n<link rel=\"canonical\" href=\"https:\/\/elitegirl.ch\/es\/registro\/\" \/>\n<meta property=\"og:locale\" content=\"es_ES\" \/>\n<meta property=\"og:type\" content=\"article\" \/>\n<meta property=\"og:title\" content=\"Registro - elitegirl.ch\" \/>\n<meta property=\"og:url\" content=\"https:\/\/elitegirl.ch\/es\/registro\/\" \/>\n<meta property=\"og:site_name\" content=\"elitegirl.ch\" \/>\n<meta property=\"article:modified_time\" content=\"2020-12-17T12:28:53+00:00\" \/>\n<meta property=\"og:image\" content=\"https:\/\/elitegirl.ch\/wp-content\/uploads\/2021\/04\/elitegirl-social-preview.png\" \/>\n\t<meta property=\"og:image:width\" content=\"500\" \/>\n\t<meta property=\"og:image:height\" content=\"500\" \/>\n<meta name=\"twitter:card\" content=\"summary_large_image\" \/>\n<script type=\"application\/ld+json\" class=\"yoast-schema-graph\">{\"@context\":\"https:\/\/schema.org\",\"@graph\":[{\"@type\":\"Organization\",\"@id\":\"https:\/\/elitegirl.ch\/#organization\",\"name\":\"EliteGirl.ch\",\"url\":\"https:\/\/elitegirl.ch\/\",\"sameAs\":[],\"logo\":{\"@type\":\"ImageObject\",\"@id\":\"https:\/\/elitegirl.ch\/#logo\",\"inLanguage\":\"es\",\"url\":\"https:\/\/elitegirl.ch\/wp-content\/uploads\/2020\/12\/logo-elite-girl.png\",\"contentUrl\":\"https:\/\/elitegirl.ch\/wp-content\/uploads\/2020\/12\/logo-elite-girl.png\",\"width\":400,\"height\":89,\"caption\":\"EliteGirl.ch\"},\"image\":{\"@id\":\"https:\/\/elitegirl.ch\/#logo\"}},{\"@type\":\"WebSite\",\"@id\":\"https:\/\/elitegirl.ch\/#website\",\"url\":\"https:\/\/elitegirl.ch\/\",\"name\":\"elitegirl.ch\",\"description\":\"\",\"publisher\":{\"@id\":\"https:\/\/elitegirl.ch\/#organization\"},\"potentialAction\":[{\"@type\":\"SearchAction\",\"target\":\"https:\/\/elitegirl.ch\/?s={search_term_string}\",\"query-input\":\"required name=search_term_string\"}],\"inLanguage\":\"es\"},{\"@type\":\"WebPage\",\"@id\":\"https:\/\/elitegirl.ch\/es\/registro\/#webpage\",\"url\":\"https:\/\/elitegirl.ch\/es\/registro\/\",\"name\":\"Registro - elitegirl.ch\",\"isPartOf\":{\"@id\":\"https:\/\/elitegirl.ch\/#website\"},\"datePublished\":\"2020-03-21T15:05:14+00:00\",\"dateModified\":\"2020-12-17T12:28:53+00:00\",\"breadcrumb\":{\"@id\":\"https:\/\/elitegirl.ch\/es\/registro\/#breadcrumb\"},\"inLanguage\":\"es\",\"potentialAction\":[{\"@type\":\"ReadAction\",\"target\":[\"https:\/\/elitegirl.ch\/es\/registro\/\"]}]},{\"@type\":\"BreadcrumbList\",\"@id\":\"https:\/\/elitegirl.ch\/es\/registro\/#breadcrumb\",\"itemListElement\":[{\"@type\":\"ListItem\",\"position\":1,\"name\":\"Home\",\"item\":\"https:\/\/elitegirl.ch\/es\/\"},{\"@type\":\"ListItem\",\"position\":2,\"name\":\"Registro\"}]}]}<\/script>\n<!-- \/ Yoast SEO plugin. -->","_links":{"self":[{"href":"https:\/\/elitegirl.ch\/es\/wp-json\/wp\/v2\/pages\/1710"}],"collection":[{"href":"https:\/\/elitegirl.ch\/es\/wp-json\/wp\/v2\/pages"}],"about":[{"href":"https:\/\/elitegirl.ch\/es\/wp-json\/wp\/v2\/types\/page"}],"author":[{"embeddable":true,"href":"https:\/\/elitegirl.ch\/es\/wp-json\/wp\/v2\/users\/1"}],"replies":[{"embeddable":true,"href":"https:\/\/elitegirl.ch\/es\/wp-json\/wp\/v2\/comments?post=1710"}],"version-history":[{"count":2,"href":"https:\/\/elitegirl.ch\/es\/wp-json\/wp\/v2\/pages\/1710\/revisions"}],"predecessor-version":[{"id":1729,"href":"https:\/\/elitegirl.ch\/es\/wp-json\/wp\/v2\/pages\/1710\/revisions\/1729"}],"wp:attachment":[{"href":"https:\/\/elitegirl.ch\/es\/wp-json\/wp\/v2\/media?parent=1710"}],"curies":[{"name":"wp","href":"https:\/\/api.w.org\/{rel}","templated":true}]}}